{"id":34,"date":"2022-10-03T23:33:22","date_gmt":"2022-10-04T02:33:22","guid":{"rendered":"https:\/\/asesorialegalpuertomontt.cl\/?page_id=34"},"modified":"2023-08-14T01:14:18","modified_gmt":"2023-08-14T04:14:18","slug":"34-2","status":"publish","type":"page","link":"https:\/\/asesorialegalpuertomontt.cl\/","title":{"rendered":"Pag Principal"},"content":{"rendered":"<p>[et_pb_section fb_built=&#8221;1&#8243; fullwidth=&#8221;on&#8221; theme_builder_area=&#8221;post_content&#8221; _builder_version=&#8221;4.14.6&#8243; _module_preset=&#8221;default&#8221; hover_enabled=&#8221;0&#8243; sticky_enabled=&#8221;0&#8243; background_color=&#8221;#f2e3bb&#8221;][et_pb_fullwidth_header title=&#8221;Abogados en Puerto Montt&#8221; _builder_version=&#8221;4.14.6&#8243; _module_preset=&#8221;default&#8221; theme_builder_area=&#8221;post_content&#8221; background_color=&#8221;#f2e3bb&#8221; title_font=&#8221;Georgia||||||||&#8221; title_text_color=&#8221;#000000&#8243; title_font_size=&#8221;38px&#8221; title_text_shadow_style=&#8221;preset1&#8243; title_text_shadow_horizontal_length=&#8221;-0.23em&#8221; title_text_shadow_vertical_length=&#8221;0.03em&#8221; title_text_shadow_blur_strength=&#8221;0.16em&#8221; content_font=&#8221;Georgia||||||||&#8221; content_text_color=&#8221;#000000&#8243; content_font_size=&#8221;17px&#8221; hover_enabled=&#8221;0&#8243; sticky_enabled=&#8221;0&#8243;]<\/p>\n<p><span>En Asesor\u00eda Legal Puerto Montt, buscamos brindar servicios legales confiables y de alta calidad, y al mismo tiempo difundir conocimientos jur\u00eddicos b\u00e1sicos que har\u00e1n m\u00e1s f\u00e1cil el reconocer sus necesidades. Como abogados dentro de la regi\u00f3n de Los Lagos nos comprometemos a dar la mejor atenci\u00f3n posible junto con la seguridad de que sus inquietudes jur\u00eddicas estan en buenas manos.\u00a0<\/span><\/p>\n<p>[\/et_pb_fullwidth_header][\/et_pb_section][et_pb_section fb_built=&#8221;1&#8243; module_id=&#8221;inicio&#8221; _builder_version=&#8221;4.14.6&#8243; _module_preset=&#8221;default&#8221; use_background_color_gradient=&#8221;on&#8221; background_color_gradient_start=&#8221;#f2e3bb&#8221; background_color_gradient_end=&#8221;#f2ece1&#8243; background_enable_video_mp4=&#8221;off&#8221; min_height=&#8221;751.8px&#8221; global_colors_info=&#8221;{}&#8221; custom_margin=&#8221;-39px|||||&#8221;][et_pb_row _builder_version=&#8221;4.14.6&#8243; _module_preset=&#8221;default&#8221; global_colors_info=&#8221;{}&#8221;][et_pb_column type=&#8221;4_4&#8243; _builder_version=&#8221;4.14.6&#8243; _module_preset=&#8221;default&#8221; global_colors_info=&#8221;{}&#8221;][et_pb_slider _builder_version=&#8221;4.14.6&#8243; _module_preset=&#8221;default&#8221; background_image=&#8221;https:\/\/asesorialegalpuertomontt.cl\/wp-content\/uploads\/2022\/10\/pexels-pixabay-159832-scaled.jpg&#8221; animation_style=&#8221;fade&#8221; auto=&#8221;on&#8221; auto_ignore_hover=&#8221;on&#8221; border_width_all=&#8221;10px&#8221; border_color_all=&#8221;#104b75&#8243; global_colors_info=&#8221;{}&#8221;][et_pb_slide heading=&#8221;Asesor\u00eda de empresas&#8221; button_text=&#8221;Contacto&#8221; button_link=&#8221;#contacto&#8221; _builder_version=&#8221;4.14.6&#8243; _module_preset=&#8221;default&#8221; header_level=&#8221;h2&#8243; header_font=&#8221;||||||||&#8221; header_text_color=&#8221;#FFFFFF&#8221; body_font=&#8221;||||||||&#8221; body_text_color=&#8221;#FFFFFF&#8221; background_image=&#8221;https:\/\/asesorialegalpuertomontt.cl\/wp-content\/uploads\/2022\/10\/pexels-pixabay-372748-scaled.jpg&#8221; background_enable_image=&#8221;on&#8221; custom_button=&#8221;on&#8221; button_text_color=&#8221;#FFFFFF&#8221; background_layout=&#8221;light&#8221; global_colors_info=&#8221;{}&#8221; sticky_transition=&#8221;on&#8221;]<\/p>\n<p>Cubrimos los aspectos legales y los intereses de los trabajadores y los empleadores, dentro de los cuales encontramos venta de derechos sociales y acciones, fusi\u00f3n de sociedades, modificaci\u00f3n de estatutos sociales, a<span>sesor\u00eda y elaboraci\u00f3n de contratos comerciales, constituci\u00f3n de sociedades, entre otras.<\/span><\/p>\n<p>[\/et_pb_slide][et_pb_slide heading=&#8221;Derecho laboral&#8221; button_text=&#8221;Contacto&#8221; _builder_version=&#8221;4.14.6&#8243; _module_preset=&#8221;default&#8221; body_font=&#8221;||||||||&#8221; background_image=&#8221;https:\/\/asesorialegalpuertomontt.cl\/wp-content\/uploads\/2022\/10\/pexels-pixabay-159832-scaled.jpg&#8221; background_enable_image=&#8221;on&#8221; global_colors_info=&#8221;{}&#8221; sticky_transition=&#8221;on&#8221;]<\/p>\n<p>Organizamos defensas a derechos de los trabajadores en sus distintas instancias como demandas por accidentes de trabajo, demandas por despido injustificado, improcedente y carente de causal legal, finiquitos y reglamentos para Empresas, revisi\u00f3n de contratos de trabajo, entre otros servicios.<\/p>\n<p>[\/et_pb_slide][et_pb_slide heading=&#8221;Derecho de familia&#8221; button_text=&#8221;Contacto&#8221; _builder_version=&#8221;4.14.6&#8243; _module_preset=&#8221;default&#8221; header_font=&#8221;||||||||&#8221; header_text_color=&#8221;#FFFFFF&#8221; body_font=&#8221;||||||||&#8221; body_text_color=&#8221;#FFFFFF&#8221; background_image=&#8221;https:\/\/asesorialegalpuertomontt.cl\/wp-content\/uploads\/2022\/10\/pexels-taha-samet-arslan-7781900-scaled.jpg&#8221; background_enable_image=&#8221;on&#8221; background_position=&#8221;bottom_center&#8221; custom_button=&#8221;on&#8221; button_text_color=&#8221;#FFFFFF&#8221; background_layout=&#8221;light&#8221; global_colors_info=&#8221;{}&#8221; sticky_transition=&#8221;on&#8221;]<\/p>\n<p>Organizamos defensas y representaci\u00f3nes judiciales ante tribunales de familia, donde trabajamos demandas de aumento, rebaja, y cese de pensiones de alimento, autorizaci\u00f3n para salir del pa\u00eds de menores, divorcios de mutuo acuerdo, culposos, y unilaterales, demandas y defensas por violencia intrafamiliar (VIF) entre otros servicios.<\/p>\n<p>[\/et_pb_slide][et_pb_slide heading=&#8221;Contratos&#8221; button_text=&#8221;Contacto&#8221; _builder_version=&#8221;4.14.6&#8243; _module_preset=&#8221;default&#8221; body_font=&#8221;||||||||&#8221; background_image=&#8221;https:\/\/asesorialegalpuertomontt.cl\/wp-content\/uploads\/2022\/10\/pexels-ekaterina-bolovtsova-6077326-scaled.jpg&#8221; background_enable_image=&#8221;on&#8221; global_colors_info=&#8221;{}&#8221; sticky_transition=&#8221;on&#8221;]<\/p>\n<p>Redacci\u00f3n y modificaci\u00f3n todo tipo de Contratos y Escrituras, que incluye Compraventa de Propiedades, Cesi\u00f3n de Derechos, Contratos de Mutuo, Hipotecas y Prendas, Escrituras Rectificatorias, entre otras.<\/p>\n<p>[\/et_pb_slide][\/et_pb_slider][\/et_pb_column][\/et_pb_row][\/et_pb_section][et_pb_section fb_built=&#8221;1&#8243; module_id=&#8221;somos&#8221; _builder_version=&#8221;4.14.6&#8243; _module_preset=&#8221;default&#8221; use_background_color_gradient=&#8221;on&#8221; background_color_gradient_start=&#8221;#f2e3bb&#8221; background_color_gradient_end=&#8221;#104b75&#8243; background_color_gradient_direction=&#8221;187deg&#8221; background_color_gradient_start_position=&#8221;66%&#8221; min_height=&#8221;746.3px&#8221; hover_enabled=&#8221;0&#8243; global_colors_info=&#8221;{}&#8221; sticky_enabled=&#8221;0&#8243;][et_pb_row column_structure=&#8221;1_2,1_2&#8243; _builder_version=&#8221;4.14.6&#8243; _module_preset=&#8221;default&#8221; global_colors_info=&#8221;{}&#8221;][et_pb_column type=&#8221;1_2&#8243; _builder_version=&#8221;4.14.6&#8243; _module_preset=&#8221;default&#8221; global_colors_info=&#8221;{}&#8221;][et_pb_team_member name=&#8221;Edgar Alvarado&#8221; image_url=&#8221;https:\/\/asesorialegalpuertomontt.cl\/wp-content\/uploads\/2023\/05\/DSC07593.png&#8221; _builder_version=&#8221;4.14.6&#8243; _module_preset=&#8221;default&#8221; body_font=&#8221;Georgia||||||||&#8221; body_text_color=&#8221;#000000&#8243; body_font_size=&#8221;16px&#8221; width=&#8221;93.9%&#8221; hover_enabled=&#8221;0&#8243; global_colors_info=&#8221;{}&#8221; sticky_enabled=&#8221;0&#8243;]<\/p>\n<p style=\"text-align: justify;\">\n<p style=\"text-align: justify;\">Abogado, Licenciado en Ciencias Jur\u00eddicas y Sociales de la Universidad Austral de Chile.<br \/>Diplomado en Derecho Procesal Penal por la Pontificia Universidad Cat\u00f3lica de Chile.<br \/>Con experiencia en juicios de civiles, laborales, familia , polic\u00eda local y asesor\u00edas a Pymes de diversas \u00e1reas.<br \/>Cuenta con experiencia laboral desempe\u00f1\u00e1ndose en el ejercicio libre de la profesi\u00f3n desde el a\u00f1o 2018\u00a0a\u00a0la\u00a0fecha.<\/p>\n<p>[\/et_pb_team_member][\/et_pb_column][et_pb_column type=&#8221;1_2&#8243; _builder_version=&#8221;4.14.6&#8243; _module_preset=&#8221;default&#8221; global_colors_info=&#8221;{}&#8221;][et_pb_team_member name=&#8221;Sebasti\u00e1n C\u00e1rdenas&#8221; image_url=&#8221;https:\/\/asesorialegalpuertomontt.cl\/wp-content\/uploads\/2023\/05\/DSC07637.png&#8221; _builder_version=&#8221;4.14.6&#8243; _module_preset=&#8221;default&#8221; body_font=&#8221;Georgia||||||||&#8221; body_text_color=&#8221;#000000&#8243; body_font_size=&#8221;16px&#8221; custom_padding=&#8221;|30px||||&#8221; global_colors_info=&#8221;{}&#8221;]<\/p>\n<p style=\"text-align: justify;\">Abogado Licenciado en Ciencias Jur\u00eddicas de la Universidad Austral de Chile.<br \/>Diplomado en Litigaci\u00f3n Oral y Estrat\u00e9gica de la Universidad de Chile.<br \/>Con experiencia en juicios de familia, laborales , polic\u00eda local y asesor\u00edas a Pymes de diversas \u00e1reas.<br \/>Cuenta con experiencia laboral en estudio Jur\u00eddico NS Abogados con casa Matriz en Santiago, desarrollando su labor en gran parte de Chile, entre Iquique y Coyhaique.<\/p>\n<p>[\/et_pb_team_member][\/et_pb_column][\/et_pb_row][\/et_pb_section][et_pb_section fb_built=&#8221;1&#8243; module_id=&#8221;hacemos&#8221; _builder_version=&#8221;4.14.6&#8243; _module_preset=&#8221;default&#8221; global_colors_info=&#8221;{}&#8221;][et_pb_row column_structure=&#8221;1_4,1_4,1_4,1_4&#8243; _builder_version=&#8221;4.14.6&#8243; _module_preset=&#8221;default&#8221; global_colors_info=&#8221;{}&#8221;][et_pb_column type=&#8221;1_4&#8243; _builder_version=&#8221;4.14.6&#8243; _module_preset=&#8221;default&#8221; global_colors_info=&#8221;{}&#8221;][et_pb_blurb title=&#8221;Asesor\u00eda de empresas&#8221; use_icon=&#8221;on&#8221; font_icon=&#8221;&#x7d;||divi||400&#8243; _builder_version=&#8221;4.14.6&#8243; _module_preset=&#8221;default&#8221; global_colors_info=&#8221;{}&#8221;]<\/p>\n<p>Ofrecemos una asesor\u00eda integral a emprendedores con un exhaustivo an\u00e1lisis, revisi\u00f3n y redacci\u00f3n de contratos de trabajo, cartas de, aviso de despido, cartas de amonestaciones, finiquitos, reglamentos internos, entre otros. Asesor\u00eda y representaci\u00f3n en causas judiciales tales como despidos injustificados, nulidad de despido, tutelas laborales, fueros maternales, auto despidos, adem\u00e1s de recursos ante la Inspecci\u00f3n del Trabajo.<\/p>\n<p>[\/et_pb_blurb][\/et_pb_column][et_pb_column type=&#8221;1_4&#8243; _builder_version=&#8221;4.14.6&#8243; _module_preset=&#8221;default&#8221; global_colors_info=&#8221;{}&#8221;][et_pb_blurb title=&#8221;Asuntos policiales&#8221; use_icon=&#8221;on&#8221; font_icon=&#8221;&#xf0e3;||fa||900&#8243; _builder_version=&#8221;4.14.6&#8243; _module_preset=&#8221;default&#8221; global_colors_info=&#8221;{}&#8221;]<\/p>\n<p>Nuestro equipo de abogados tiene experiencia en distintas \u00e1reas y una de ellas es la del Derecho Penal, que engloba delitos de diferente \u00edndole, tanto desde la posici\u00f3n de la v\u00edctima como del imputado, abarcando areas como:<br \/>\u25cf Manejo en Estado de Ebriedad\u00a0 \u00a0 \u25cf Manejo bajo la Influencia del Alcohol<br \/>\u25cf Procedimientos Monitorios<br \/>\u25cf Procedimientos Simplificados<br \/>\u25cf Juicio Oral en lo Penal<\/p>\n<p>[\/et_pb_blurb][\/et_pb_column][et_pb_column type=&#8221;1_4&#8243; _builder_version=&#8221;4.14.6&#8243; _module_preset=&#8221;default&#8221; global_colors_info=&#8221;{}&#8221;][et_pb_blurb title=&#8221;Derecho de familia&#8221; use_icon=&#8221;on&#8221; font_icon=&#8221;&#x76;||divi||400&#8243; _builder_version=&#8221;4.14.6&#8243; _module_preset=&#8221;default&#8221; global_colors_info=&#8221;{}&#8221;]<\/p>\n<p>Nuestros abogados se encuentran preparados para asesorar en todo tipo de causas de Derecho de Familia tales como diversos tipos de divorcio, alimentos (solicitud, aumento, rebaja o cese de alimentos), relaci\u00f3n directa y regular, gestiones voluntarias, autorizaciones para salida del pa\u00eds, filiaciones, cuidado personal, mediaci\u00f3n voluntaria, entre otros.<\/p>\n<p>[\/et_pb_blurb][\/et_pb_column][et_pb_column type=&#8221;1_4&#8243; _builder_version=&#8221;4.14.6&#8243; _module_preset=&#8221;default&#8221; global_colors_info=&#8221;{}&#8221;][et_pb_blurb title=&#8221;Defensa de consumidores&#8221; use_icon=&#8221;on&#8221; font_icon=&#8221;&#x70;||divi||400&#8243; _builder_version=&#8221;4.14.6&#8243; _module_preset=&#8221;default&#8221; global_colors_info=&#8221;{}&#8221;]<\/p>\n<p>Acompa\u00f1amos y asesoramos a consumidores que tengan la necesidad de realizar reclamos de acuerdo a la Ley N\u00b0 19.496 de protecci\u00f3n de los derechos de los<br \/>consumidores, en una instancia administrativa, ante el Servicio Nacional del Consumidor o una instancia judicial ante el Juzgado de Polic\u00eda Local correspondiente.<\/p>\n<p>[\/et_pb_blurb][\/et_pb_column][\/et_pb_row][et_pb_row column_structure=&#8221;1_3,1_3,1_3&#8243; _builder_version=&#8221;4.14.6&#8243; _module_preset=&#8221;default&#8221; global_colors_info=&#8221;{}&#8221;][et_pb_column type=&#8221;1_3&#8243; _builder_version=&#8221;4.14.6&#8243; _module_preset=&#8221;default&#8221; global_colors_info=&#8221;{}&#8221;][et_pb_blurb title=&#8221;Litigaci\u00f3n civil&#8221; use_icon=&#8221;on&#8221; font_icon=&#8221;&#xe104;||divi||400&#8243; _builder_version=&#8221;4.14.6&#8243; _module_preset=&#8221;default&#8221; global_colors_info=&#8221;{}&#8221;]<\/p>\n<p>Representamos y brindamos asesor\u00eda a nuestros clientes en la amplia gama de asuntos tocantes a estado civil, sus relaciones familiares, la propiedad, las obligaciones y contratos y las sucesiones por causa de muerte. As\u00ed los principales servicios que ofrecemos en esta \u00e1rea son:<br \/>\u25cf Contratos de arrendamiento<br \/>\u25cf Compraventa de inmuebles<br \/>\u25cf Financiamiento inmobiliario<br \/>\u25cf Redacci\u00f3n y revisi\u00f3n de contratos de construcci\u00f3n<br \/>reventiva de juicio<\/p>\n<p>[\/et_pb_blurb][\/et_pb_column][et_pb_column type=&#8221;1_3&#8243; _builder_version=&#8221;4.14.6&#8243; _module_preset=&#8221;default&#8221; global_colors_info=&#8221;{}&#8221;][et_pb_blurb use_icon=&#8221;on&#8221; font_icon=&#8221;&#xe104;||divi||400&#8243; _builder_version=&#8221;4.14.6&#8243; _module_preset=&#8221;default&#8221; custom_padding=&#8221;1px|||||&#8221; global_colors_info=&#8221;{}&#8221;]<\/p>\n<p>&nbsp;<\/p>\n<p>\u25cf Hipotecas<br \/>\u25cf Negligencias m\u00e9dicas<br \/>\u25cf Posesiones efectivas<br \/>\u25cf Cambio de nombre<br \/>\u25cf Mandato<br \/>\u25cf Poder<br \/>\u25cf Compraventa muebles y traspaso de veh\u00edculos<br \/>\u25cf Redacci\u00f3n y revisi\u00f3n de contratos en general<br \/>\u25cf Asesor\u00eda legal preventiva de juicio<\/p>\n<p>[\/et_pb_blurb][\/et_pb_column][et_pb_column type=&#8221;1_3&#8243; _builder_version=&#8221;4.14.6&#8243; _module_preset=&#8221;default&#8221; global_colors_info=&#8221;{}&#8221;][et_pb_blurb title=&#8221;Derecho laboral&#8221; use_icon=&#8221;on&#8221; font_icon=&#8221;&#xe035;||divi||400&#8243; _builder_version=&#8221;4.14.6&#8243; _module_preset=&#8221;default&#8221; global_colors_info=&#8221;{}&#8221;]<\/p>\n<p>Desarrollamos una completa asesor\u00eda a nuestros clientes de acuerdo a sus intereses en jucios de despido injustificado, nulidad del despido, tutelas laborales, desafueros,<br \/>solicitud de cualquier prestaci\u00f3n laboral adeudada. Contamos con la experiencia<br \/>profesional para asesorar tanto empresas como trabajadores, procurando satisfacer todos los intereses buscados en la tramitaci\u00f3n ante Juzgados del Trabajo.<\/p>\n<p>[\/et_pb_blurb][\/et_pb_column][\/et_pb_row][\/et_pb_section][et_pb_section fb_built=&#8221;1&#8243; module_id=&#8221;contacto&#8221; _builder_version=&#8221;4.14.6&#8243; _module_preset=&#8221;default&#8221; background_image=&#8221;https:\/\/asesorialegalpuertomontt.cl\/wp-content\/uploads\/2022\/10\/pexels-pixabay-48148-scaled.jpg&#8221; min_height=&#8221;863.1px&#8221; global_colors_info=&#8221;{}&#8221;][et_pb_row column_structure=&#8221;1_2,1_2&#8243; _builder_version=&#8221;4.14.6&#8243; _module_preset=&#8221;default&#8221; global_colors_info=&#8221;{}&#8221;][et_pb_column type=&#8221;1_2&#8243; _builder_version=&#8221;4.14.6&#8243; _module_preset=&#8221;default&#8221; global_colors_info=&#8221;{}&#8221;][et_pb_contact_form email=&#8221;asesorialegalpmontt@gmail.com&#8221; title=&#8221;Asesor\u00eda legal&#8221; success_message=&#8221;Gracias por contactarnos&#8221; submit_button_text=&#8221;Enviar&#8221; _builder_version=&#8221;4.14.6&#8243; _module_preset=&#8221;default&#8221; _unique_id=&#8221;12d84598-46ba-45b2-8896-1ed49e1da77d&#8221; custom_button=&#8221;on&#8221; button_text_color=&#8221;#104b75&#8243; button_border_width=&#8221;5px&#8221; border_width_all=&#8221;2px&#8221; global_colors_info=&#8221;{}&#8221;][et_pb_contact_field field_id=&#8221;Name&#8221; field_title=&#8221;Nombre&#8221; _builder_version=&#8221;4.14.6&#8243; global_colors_info=&#8221;{}&#8221; button_text_size__hover_enabled=&#8221;off&#8221; button_one_text_size__hover_enabled=&#8221;off&#8221; button_two_text_size__hover_enabled=&#8221;off&#8221; button_text_color__hover_enabled=&#8221;off&#8221; button_one_text_color__hover_enabled=&#8221;off&#8221; button_two_text_color__hover_enabled=&#8221;off&#8221; button_border_width__hover_enabled=&#8221;off&#8221; button_one_border_width__hover_enabled=&#8221;off&#8221; button_two_border_width__hover_enabled=&#8221;off&#8221; button_border_color__hover_enabled=&#8221;off&#8221; button_one_border_color__hover_enabled=&#8221;off&#8221; button_two_border_color__hover_enabled=&#8221;off&#8221; button_border_radius__hover_enabled=&#8221;off&#8221; button_one_border_radius__hover_enabled=&#8221;off&#8221; button_two_border_radius__hover_enabled=&#8221;off&#8221; button_letter_spacing__hover_enabled=&#8221;off&#8221; button_one_letter_spacing__hover_enabled=&#8221;off&#8221; button_two_letter_spacing__hover_enabled=&#8221;off&#8221; button_bg_color__hover_enabled=&#8221;off&#8221; button_one_bg_color__hover_enabled=&#8221;off&#8221; button_two_bg_color__hover_enabled=&#8221;off&#8221;][\/et_pb_contact_field][et_pb_contact_field field_id=&#8221;Email&#8221; field_title=&#8221;Correo&#8221; field_type=&#8221;email&#8221; _builder_version=&#8221;4.14.6&#8243; global_colors_info=&#8221;{}&#8221; button_text_size__hover_enabled=&#8221;off&#8221; button_one_text_size__hover_enabled=&#8221;off&#8221; button_two_text_size__hover_enabled=&#8221;off&#8221; button_text_color__hover_enabled=&#8221;off&#8221; button_one_text_color__hover_enabled=&#8221;off&#8221; button_two_text_color__hover_enabled=&#8221;off&#8221; button_border_width__hover_enabled=&#8221;off&#8221; button_one_border_width__hover_enabled=&#8221;off&#8221; button_two_border_width__hover_enabled=&#8221;off&#8221; button_border_color__hover_enabled=&#8221;off&#8221; button_one_border_color__hover_enabled=&#8221;off&#8221; button_two_border_color__hover_enabled=&#8221;off&#8221; button_border_radius__hover_enabled=&#8221;off&#8221; button_one_border_radius__hover_enabled=&#8221;off&#8221; button_two_border_radius__hover_enabled=&#8221;off&#8221; button_letter_spacing__hover_enabled=&#8221;off&#8221; button_one_letter_spacing__hover_enabled=&#8221;off&#8221; button_two_letter_spacing__hover_enabled=&#8221;off&#8221; button_bg_color__hover_enabled=&#8221;off&#8221; button_one_bg_color__hover_enabled=&#8221;off&#8221; button_two_bg_color__hover_enabled=&#8221;off&#8221;][\/et_pb_contact_field][et_pb_contact_field field_id=&#8221;Message&#8221; field_title=&#8221;Mensaje&#8221; field_type=&#8221;text&#8221; fullwidth_field=&#8221;on&#8221; _builder_version=&#8221;4.14.6&#8243; global_colors_info=&#8221;{}&#8221; button_text_size__hover_enabled=&#8221;off&#8221; button_one_text_size__hover_enabled=&#8221;off&#8221; button_two_text_size__hover_enabled=&#8221;off&#8221; button_text_color__hover_enabled=&#8221;off&#8221; button_one_text_color__hover_enabled=&#8221;off&#8221; button_two_text_color__hover_enabled=&#8221;off&#8221; button_border_width__hover_enabled=&#8221;off&#8221; button_one_border_width__hover_enabled=&#8221;off&#8221; button_two_border_width__hover_enabled=&#8221;off&#8221; button_border_color__hover_enabled=&#8221;off&#8221; button_one_border_color__hover_enabled=&#8221;off&#8221; button_two_border_color__hover_enabled=&#8221;off&#8221; button_border_radius__hover_enabled=&#8221;off&#8221; button_one_border_radius__hover_enabled=&#8221;off&#8221; button_two_border_radius__hover_enabled=&#8221;off&#8221; button_letter_spacing__hover_enabled=&#8221;off&#8221; button_one_letter_spacing__hover_enabled=&#8221;off&#8221; button_two_letter_spacing__hover_enabled=&#8221;off&#8221; button_bg_color__hover_enabled=&#8221;off&#8221; button_one_bg_color__hover_enabled=&#8221;off&#8221; button_two_bg_color__hover_enabled=&#8221;off&#8221;][\/et_pb_contact_field][\/et_pb_contact_form][\/et_pb_column][et_pb_column type=&#8221;1_2&#8243; _builder_version=&#8221;4.14.6&#8243; _module_preset=&#8221;default&#8221; global_colors_info=&#8221;{}&#8221;][et_pb_code _builder_version=&#8221;4.14.6&#8243; _module_preset=&#8221;default&#8221; animation_style=&#8221;fade&#8221; border_radii=&#8221;on|13px|13px|13px|13px&#8221; border_width_all=&#8221;6px&#8221; global_colors_info=&#8221;{}&#8221;]<iframe src=\"https:\/\/www.google.com\/maps\/embed?pb=!1m18!1m12!1m3!1d2989.5261290949934!2d-72.94088498457161!3d-41.47119207925653!2m3!1f0!2f0!3f0!3m2!1i1024!2i768!4f13.1!3m3!1m2!1s0x0%3A0xdb3b5c364c795af0!2zNDHCsDI4JzE2LjMiUyA3MsKwNTYnMTkuMyJX!5e0!3m2!1ses!2scl!4v1665364308617!5m2!1ses!2scl\" width=\"600\" height=\"450\" style=\"border:0;\" allowfullscreen=\"\" loading=\"lazy\" referrerpolicy=\"no-referrer-when-downgrade\"><\/iframe>[\/et_pb_code][\/et_pb_column][\/et_pb_row][\/et_pb_section]<\/p>\n","protected":false},"excerpt":{"rendered":"<p>En Asesor\u00eda Legal Puerto Montt, buscamos brindar servicios legales confiables y de alta calidad, y al mismo tiempo difundir conocimientos jur\u00eddicos b\u00e1sicos que har\u00e1n m\u00e1s f\u00e1cil el reconocer sus necesidades. Como abogados dentro de la regi\u00f3n de Los Lagos nos comprometemos a dar la mejor atenci\u00f3n posible junto con la seguridad de que sus inquietudes [&hellip;]<\/p>\n","protected":false},"author":1,"featured_media":0,"parent":0,"menu_order":0,"comment_status":"closed","ping_status":"closed","template":"","meta":{"_et_pb_use_builder":"on","_et_pb_old_content":"","_et_gb_content_width":"","footnotes":""},"class_list":["post-34","page","type-page","status-publish","hentry"],"_links":{"self":[{"href":"https:\/\/asesorialegalpuertomontt.cl\/index.php?rest_route=\/wp\/v2\/pages\/34","targetHints":{"allow":["GET"]}}],"collection":[{"href":"https:\/\/asesorialegalpuertomontt.cl\/index.php?rest_route=\/wp\/v2\/pages"}],"about":[{"href":"https:\/\/asesorialegalpuertomontt.cl\/index.php?rest_route=\/wp\/v2\/types\/page"}],"author":[{"embeddable":true,"href":"https:\/\/asesorialegalpuertomontt.cl\/index.php?rest_route=\/wp\/v2\/users\/1"}],"replies":[{"embeddable":true,"href":"https:\/\/asesorialegalpuertomontt.cl\/index.php?rest_route=%2Fwp%2Fv2%2Fcomments&post=34"}],"version-history":[{"count":45,"href":"https:\/\/asesorialegalpuertomontt.cl\/index.php?rest_route=\/wp\/v2\/pages\/34\/revisions"}],"predecessor-version":[{"id":201,"href":"https:\/\/asesorialegalpuertomontt.cl\/index.php?rest_route=\/wp\/v2\/pages\/34\/revisions\/201"}],"wp:attachment":[{"href":"https:\/\/asesorialegalpuertomontt.cl\/index.php?rest_route=%2Fwp%2Fv2%2Fmedia&parent=34"}],"curies":[{"name":"wp","href":"https:\/\/api.w.org\/{rel}","templated":true}]}}